{"id":20,"date":"2025-12-21T16:27:57","date_gmt":"2025-12-21T15:27:57","guid":{"rendered":"http:\/\/185.53.129.224\/?page_id=20"},"modified":"2026-01-31T17:56:45","modified_gmt":"2026-01-31T16:56:45","slug":"chers-consommateurs-2","status":"publish","type":"page","link":"https:\/\/ufc-que-choisir-lauragais.fr\/","title":{"rendered":"Chers consommateurs,"},"content":{"rendered":"<div class=\"wp-block-image\">\n<figure class=\"alignright size-full is-resized\"><img loading=\"lazy\" decoding=\"async\" width=\"400\" height=\"400\" src=\"https:\/\/ufc-que-choisir-lauragais.fr\/wp-content\/uploads\/2020\/11\/UFC.jpg\" alt=\"\" class=\"wp-image-8\" style=\"width:148px;height:auto\"\/><\/figure>\n<\/div>\n\n\n<p class=\"has-text-align-center\" style=\"font-size:18px\">                                                           <strong><u><mark style=\"background-color:rgba(0, 0, 0, 0);color:#17772b\" class=\"has-inline-color\">vous pouvez nous contacter :<\/mark><\/u><\/strong><\/p>\n\n\n\n<ul class=\"wp-block-list\">\n<li class=\"has-text-color has-link-color wp-elements-13da44756cad4ea4ad36ca66f9d1fdfd\" style=\"color:#3e714c\">&nbsp;<strong>prioritairement<\/strong> <strong>par mail&nbsp;<\/strong> : <a href=\"mailto:contact@lauragais.ufcquechoisir.fr\"><strong>contact@lauragais.ufcquechoisir.fr<\/strong><\/a><\/li>\n<\/ul>\n\n\n\n<p>Vous pouvez \u00eatre accueilli dans les locaux de France Services : <\/p>\n\n\n\n<p>-\u00e0 Castanet Tolosan (29 avenue de Toulouse), sur rendez-vous au 05 34 66 73 10, le vendredi de 9h \u00e0 12h, hors vacances scolaires<\/p>\n\n\n\n<p>-\u00e0 Nailloux (2 avenue de St L\u00e9on), sur rendez-vous par t\u00e9l. 05 34 66 91 64,&nbsp;le&nbsp;mercredi apr\u00e8s-midi.<\/p>\n\n\n<div class=\"wp-block-image\">\n<figure class=\"aligncenter size-full is-resized\"><img loading=\"lazy\" decoding=\"async\" width=\"1200\" height=\"883\" src=\"https:\/\/ufc-que-choisir-lauragais.fr\/wp-content\/uploads\/2023\/12\/logo_france_services-5f86cc7cd3c24.png\" alt=\"\" class=\"wp-image-2373\" style=\"width:110px;height:auto\"\/><\/figure>\n<\/div>\n\n\n<p>Les consommateurs peuvent aussi \u00eatre re\u00e7us uniquement <strong>sur rendez-vous<\/strong><\/p>\n\n\n\n<ul class=\"wp-block-list\">\n<li>le mardi entre 14h et 16h <strong>\u00e0 Villefranche<\/strong> (134 rue de la R\u00e9publique) <\/li>\n\n\n\n<li>le mercredi matin de 10h \u00e0 12h \u00e0 <strong>Caraman <\/strong>(19 cours Alsace Lorraine)<\/li>\n\n\n\n<li>le mercredi entre 15h et 17h \u00e0 <strong>Ramonville<\/strong> (18 Avenue d&rsquo;Occitanie) ou le samedi matin.<\/li>\n<\/ul>\n\n\n\n<div class=\"wp-block-group\"><div class=\"wp-block-group__inner-container is-layout-constrained wp-block-group-is-layout-constrained\">\n<div class=\"wp-block-group\"><div class=\"wp-block-group__inner-container is-layout-constrained wp-block-group-is-layout-constrained\">\n<ul class=\"wp-block-list\">\n<li class=\"has-text-color has-link-color wp-elements-263a75220547f029a6907f0485c69247\" style=\"color:#38744b\"><strong>par t\u00e9l\u00e9phone<\/strong> au 07 80 01 68 72 : <\/li>\n<\/ul>\n\n\n\n<p class=\"has-black-color has-text-color has-link-color wp-elements-04aa4cbb713eae7377015a2a932c7135\">Une permanence t\u00e9l\u00e9phonique est assur\u00e9e tous les mardis matin de 10h \u00e0 midi (hors vacances scolaires). Vous pouvez laisser soit un message vocal sur le r\u00e9pondeur, soit un sms; une r\u00e9ponse vous sera apport\u00e9e au plus tard le mardi suivant votre appel.<\/p>\n<\/div><\/div>\n<\/div><\/div>\n\n\n\n<ul class=\"wp-block-list\">\n<li class=\"has-text-color has-link-color wp-elements-a9958fb42945b021aafac09ec606b388\" style=\"color:#39753e\"><strong>par courrier<\/strong> :\u00a0<\/li>\n<\/ul>\n\n\n<div class=\"wp-block-image\">\n<figure class=\"aligncenter size-full is-resized\"><img loading=\"lazy\" decoding=\"async\" width=\"623\" height=\"234\" src=\"https:\/\/ufc-que-choisir-lauragais.fr\/wp-content\/uploads\/2025\/01\/adresse.png\" alt=\"\" class=\"wp-image-2890\" style=\"width:386px;height:auto\"\/><\/figure>\n<\/div>\n\n\n<p class=\"has-text-align-left has-normal-font-size\">Merci de bien pr\u00e9ciser, si vous nous \u00e9crivez, votre nom, pr\u00e9nom, la ville de votre domicile, votre num\u00e9ro de t\u00e9l\u00e9phone, et une description succincte de votre probl\u00e8me. <\/p>\n\n\n\n<p class=\"has-drop-cap has-normal-font-size\"><strong>L&rsquo;UFC Que Choisir du Lauragais vous r\u00e9pondra le plus rapidement possible. <\/strong><\/p>\n\n\n\n<div style=\"height:6px\" aria-hidden=\"true\" class=\"wp-block-spacer\"><\/div>\n\n\n\n<blockquote class=\"wp-block-quote is-style-default is-layout-flow wp-block-quote-is-layout-flow\">\n<p class=\"has-small-font-size\"><mark style=\"background-color:rgba(0, 0, 0, 0);color:#17772b\" class=\"has-inline-color\">Notre aide se situera au niveau du conseil; nous pourrons intervenir si besoin aupr\u00e8s de la partie adverse -un professionnel- , par courrier simple, courrier recommand\u00e9, mail ou t\u00e9l\u00e9phone, selon le cas. Si le litige est complexe, une action en justice pourra \u00eatre envisag\u00e9e. Dans la mesure du possible, nous essayons de r\u00e9gler les litiges \u00e0 l&rsquo;amiable, en \u00e9vitant de recourir \u00e0 la saisine d&rsquo;un tribunal, proc\u00e9dure longue et parfois co\u00fbteuse.<\/mark><\/p>\n\n\n\n<p><\/p>\n\n\n\n<p><\/p>\n<\/blockquote>\n\n\n\n<div style=\"height:7px\" aria-hidden=\"true\" class=\"wp-block-spacer\"><\/div>\n\n\n\n<p><\/p>\n","protected":false},"excerpt":{"rendered":"<p>vous pouvez nous contacter : Vous pouvez \u00eatre accueilli dans les locaux de France Services : -\u00e0 Castanet Tolosan (29 avenue de Toulouse), sur rendez-vous au 05 34 66 73 10, le vendredi de 9h \u00e0 12h, hors vacances scolaires &hellip; <a href=\"https:\/\/ufc-que-choisir-lauragais.fr\/\">Continuer la lecture <span class=\"meta-nav\">&rarr;<\/span><\/a><\/p>\n","protected":false},"author":1,"featured_media":0,"parent":0,"menu_order":0,"comment_status":"closed","ping_status":"closed","template":"","meta":{"footnotes":""},"class_list":["post-20","page","type-page","status-publish","hentry"],"_links":{"self":[{"href":"https:\/\/ufc-que-choisir-lauragais.fr\/index.php\/wp-json\/wp\/v2\/pages\/20","targetHints":{"allow":["GET"]}}],"collection":[{"href":"https:\/\/ufc-que-choisir-lauragais.fr\/index.php\/wp-json\/wp\/v2\/pages"}],"about":[{"href":"https:\/\/ufc-que-choisir-lauragais.fr\/index.php\/wp-json\/wp\/v2\/types\/page"}],"author":[{"embeddable":true,"href":"https:\/\/ufc-que-choisir-lauragais.fr\/index.php\/wp-json\/wp\/v2\/users\/1"}],"replies":[{"embeddable":true,"href":"https:\/\/ufc-que-choisir-lauragais.fr\/index.php\/wp-json\/wp\/v2\/comments?post=20"}],"version-history":[{"count":219,"href":"https:\/\/ufc-que-choisir-lauragais.fr\/index.php\/wp-json\/wp\/v2\/pages\/20\/revisions"}],"predecessor-version":[{"id":3444,"href":"https:\/\/ufc-que-choisir-lauragais.fr\/index.php\/wp-json\/wp\/v2\/pages\/20\/revisions\/3444"}],"wp:attachment":[{"href":"https:\/\/ufc-que-choisir-lauragais.fr\/index.php\/wp-json\/wp\/v2\/media?parent=20"}],"curies":[{"name":"wp","href":"https:\/\/api.w.org\/{rel}","templated":true}]}}